{"id":8,"date":"2012-12-08T13:20:06","date_gmt":"2012-12-08T12:20:06","guid":{"rendered":"http:\/\/localhost\/wordpress\/?page_id=8"},"modified":"2021-10-06T17:24:04","modified_gmt":"2021-10-06T15:24:04","slug":"racer","status":"publish","type":"page","link":"https:\/\/www.rc-bergfinder.at\/wp\/?page_id=8","title":{"rendered":"Racer"},"content":{"rendered":"<p>Der Radclub &#8220;RC-Bergfinder&#8221; ist aus einer kleinen Gruppe privater Rennradfahrer aus dem Raum Grieskirchen (O\u00d6) entstanden.<\/p>\n<p>Inzwischen umfasst der Radclub etwa 65 Personen die mehr oder weniger regelm\u00e4\u00dfig an Ausfahrten und Veranstaltungen teilnehmen. Der harte Kern besteht dabei aus ca. 20-25 Fahrern.<\/p>\n<p>Die &#8220;t\u00e4gliche&#8221; Kommunikation erfolgt \u00fcber WhatsApp Gruppen \u00fcber welche die Ausfahrten und Events koordiniert werden.<\/p>\n<p>Sollte jemand auf den Geschmack gekommen sein, einfach unter folgender Emailadresse melden:\u00a0<a href=\"mailto:rc-bergfinder@gmx.at\">rc-bergfinder@gmx.at<\/a><\/p>\n<p><a href=\"http:\/\/www.rc-bergfinder.at\/wp\/wp-content\/uploads\/2016\/04\/IMG_4971.jpg\"><img loading=\"lazy\" decoding=\"async\" class=\"alignnone  wp-image-2487\" src=\"http:\/\/www.rc-bergfinder.at\/wp\/wp-content\/uploads\/2016\/04\/IMG_4971-300x225.jpg\" alt=\"IMG_4971\" width=\"263\" height=\"200\" \/><\/a><a href=\"http:\/\/www.rc-bergfinder.at\/wp\/wp-content\/uploads\/2013\/05\/Gruppenbild-mit-Banner.jpg\"><img loading=\"lazy\" decoding=\"async\" class=\"alignnone  wp-image-1130\" src=\"http:\/\/www.rc-bergfinder.at\/wp\/wp-content\/uploads\/2013\/05\/Gruppenbild-mit-Banner-300x225.jpg\" alt=\"Gruppenbild mit Banner\" width=\"263\" height=\"200\" \/><\/a> <a href=\"http:\/\/www.rc-bergfinder.at\/wp\/wp-content\/uploads\/2013\/05\/Gastfoto-Bergfinder.jpg\"><img loading=\"lazy\" decoding=\"async\" class=\"alignnone  wp-image-1159\" src=\"http:\/\/www.rc-bergfinder.at\/wp\/wp-content\/uploads\/2013\/05\/Gastfoto-Bergfinder-300x225.jpg\" alt=\"Gastfoto Bergfinder\" width=\"263\" height=\"200\" \/><\/a> <a href=\"http:\/\/www.rc-bergfinder.at\/wp\/wp-content\/uploads\/2013\/05\/Nach-Sa-Calobra.jpg\"><img loading=\"lazy\" decoding=\"async\" class=\"alignnone  wp-image-1132\" src=\"http:\/\/www.rc-bergfinder.at\/wp\/wp-content\/uploads\/2013\/05\/Nach-Sa-Calobra-300x225.jpg\" alt=\"Nach Sa Calobra\" width=\"263\" height=\"200\" \/><\/a><\/p>\n<div class='watch-action'><div class='watch-position align-left'><div class='action-like'><a class='lbg-style1 like-8 jlk' href='javascript:void(0)' data-task='like' data-post_id='8' data-nonce='10a73a2ba7' rel='nofollow'><img class='wti-pixel' src='https:\/\/www.rc-bergfinder.at\/wp\/wp-content\/plugins\/wti-like-post\/images\/pixel.gif' title='Gef\u00e4llt mir' \/><span class='lc-8 lc'>0<\/span><\/a><\/div><\/div> <div class='status-8 status align-left'><\/div><\/div><div class='wti-clear'><\/div>","protected":false},"excerpt":{"rendered":"<p>Der Radclub &#8220;RC-Bergfinder&#8221; ist aus einer kleinen Gruppe privater Rennradfahrer aus dem Raum Grieskirchen (O\u00d6) entstanden. Inzwischen umfasst der Radclub etwa 65 Personen die mehr oder weniger regelm\u00e4\u00dfig an Ausfahrten&#8230;<\/p>\n","protected":false},"author":1,"featured_media":0,"parent":0,"menu_order":3,"comment_status":"closed","ping_status":"closed","template":"","meta":{"_s2mail":"yes","ngg_post_thumbnail":0,"footnotes":""},"class_list":["post-8","page","type-page","status-publish","hentry"],"_links":{"self":[{"href":"https:\/\/www.rc-bergfinder.at\/wp\/index.php?rest_route=\/wp\/v2\/pages\/8","targetHints":{"allow":["GET"]}}],"collection":[{"href":"https:\/\/www.rc-bergfinder.at\/wp\/index.php?rest_route=\/wp\/v2\/pages"}],"about":[{"href":"https:\/\/www.rc-bergfinder.at\/wp\/index.php?rest_route=\/wp\/v2\/types\/page"}],"author":[{"embeddable":true,"href":"https:\/\/www.rc-bergfinder.at\/wp\/index.php?rest_route=\/wp\/v2\/users\/1"}],"replies":[{"embeddable":true,"href":"https:\/\/www.rc-bergfinder.at\/wp\/index.php?rest_route=%2Fwp%2Fv2%2Fcomments&post=8"}],"version-history":[{"count":43,"href":"https:\/\/www.rc-bergfinder.at\/wp\/index.php?rest_route=\/wp\/v2\/pages\/8\/revisions"}],"predecessor-version":[{"id":3376,"href":"https:\/\/www.rc-bergfinder.at\/wp\/index.php?rest_route=\/wp\/v2\/pages\/8\/revisions\/3376"}],"wp:attachment":[{"href":"https:\/\/www.rc-bergfinder.at\/wp\/index.php?rest_route=%2Fwp%2Fv2%2Fmedia&parent=8"}],"curies":[{"name":"wp","href":"https:\/\/api.w.org\/{rel}","templated":true}]}}